{"id":144,"date":"2026-02-06T13:55:51","date_gmt":"2026-02-06T16:55:51","guid":{"rendered":"https:\/\/tienda.nunezalineaciones.com.uy\/?post_type=product&#038;p=144"},"modified":"2026-04-04T20:12:12","modified_gmt":"2026-04-04T23:12:12","slug":"lampara-h4-narva-60-55","status":"publish","type":"product","link":"https:\/\/tienda.nunezalineaciones.com.uy\/index.php\/producto\/lampara-h4-narva-60-55\/","title":{"rendered":"LAMPARA 12v H4 NARVA 60\/55"},"content":{"rendered":"<p>La lampara Narva H4 de 12V y 60\/55W ofrece una luz potente y clara que mejora significativamente la visibilidad en carretera. Con una luz alta de 60W y una luz baja de 55W, podr\u00e1s ver con mayor claridad y reaccionar r\u00e1pidamente a posibles peligros en la v\u00eda.<\/p>\n","protected":false},"excerpt":{"rendered":"<p>COD: 3677<\/p>\n","protected":false},"featured_media":145,"template":"","meta":[],"product_brand":[],"product_cat":[87],"product_tag":[],"class_list":{"0":"post-144","1":"product","2":"type-product","3":"status-publish","4":"has-post-thumbnail","6":"product_cat-lamparas-12v","8":"first","9":"onbackorder","10":"taxable","11":"shipping-taxable","12":"purchasable","13":"product-type-simple"},"supplier_id":null,"supplier_sku":"","barcode":null,"atum_controlled":true,"out_stock_date":null,"out_stock_threshold":null,"inheritable":false,"inbound_stock":0,"stock_on_hold":24,"sold_today":0,"sales_last_days":0,"reserved_stock":0,"customer_returns":0,"warehouse_damage":0,"lost_in_post":0,"other_logs":0,"out_stock_days":0,"lost_sales":0,"has_location":false,"update_date":"2026-05-01T15:42:13","atum_locations":[],"atum_stock_status":"onbackorder","restock_status":false,"low_stock_amount":2,"sales_update_date":"2026-05-01T15:42:13","calc_backorders":-21,"_links":{"self":[{"href":"https:\/\/tienda.nunezalineaciones.com.uy\/index.php\/wp-json\/wp\/v2\/product\/144","targetHints":{"allow":["GET"]}}],"collection":[{"href":"https:\/\/tienda.nunezalineaciones.com.uy\/index.php\/wp-json\/wp\/v2\/product"}],"about":[{"href":"https:\/\/tienda.nunezalineaciones.com.uy\/index.php\/wp-json\/wp\/v2\/types\/product"}],"wp:featuredmedia":[{"embeddable":true,"href":"https:\/\/tienda.nunezalineaciones.com.uy\/index.php\/wp-json\/wp\/v2\/media\/145"}],"wp:attachment":[{"href":"https:\/\/tienda.nunezalineaciones.com.uy\/index.php\/wp-json\/wp\/v2\/media?parent=144"}],"wp:term":[{"taxonomy":"product_brand","embeddable":true,"href":"https:\/\/tienda.nunezalineaciones.com.uy\/index.php\/wp-json\/wp\/v2\/product_brand?post=144"},{"taxonomy":"product_cat","embeddable":true,"href":"https:\/\/tienda.nunezalineaciones.com.uy\/index.php\/wp-json\/wp\/v2\/product_cat?post=144"},{"taxonomy":"product_tag","embeddable":true,"href":"https:\/\/tienda.nunezalineaciones.com.uy\/index.php\/wp-json\/wp\/v2\/product_tag?post=144"}],"curies":[{"name":"wp","href":"https:\/\/api.w.org\/{rel}","templated":true}]}}