{"id":165,"date":"2026-02-19T12:49:22","date_gmt":"2026-02-19T15:49:22","guid":{"rendered":"https:\/\/tienda.nunezalineaciones.com.uy\/?post_type=product&#038;p=165"},"modified":"2026-02-19T14:08:45","modified_gmt":"2026-02-19T17:08:45","slug":"145-70-r13-lanvigator","status":"publish","type":"product","link":"https:\/\/tienda.nunezalineaciones.com.uy\/index.php\/producto\/145-70-r13-lanvigator\/","title":{"rendered":"145 70 R13 LANVIGATOR"},"content":{"rendered":"<h2>Caracter\u00edsticas de\u00a0<strong>LANVIGATOR COMFORT-II 145\/70R13 71 T<\/strong><\/h2>\n<p>El\u00a0<strong>Comfort-ii<\/strong>\u00a0de\u00a0<strong>Verano<\/strong>\u00a0pertenece al segmento\u00a0<strong>BUDGET<\/strong>\u00a0del fabricante\u00a0<strong>Lanvigator<\/strong>, cuenta con unas medidas de\u00a0<strong>145\/70R13 71 T<\/strong>, ideal para su uso en turismos.<\/p>\n<p>Los neum\u00e1ticos del coche son, sin lugar a duda, uno de los primeros sistemas de seguridad de tu veh\u00edculo. No importa que se trate de un turismo, un sed\u00e1n, un monovolumen o un veh\u00edculo urbano: elegir unos neum\u00e1ticos de coche adecuados y controlarlos con frecuencia es el primer paso para garantizarte una experiencia de conducci\u00f3n segura.<\/p>\n<p>El neum\u00e1tico\u00a0<strong>LANVIGATOR COMFORT-II 145\/70R13 71 T<\/strong>\u00a0cuenta con una anchura de\u00a0<strong>145<\/strong>\u00a0mil\u00edmetros, un perfil de\u00a0<strong>70<\/strong>\u00a0y un di\u00e1metro de\u00a0<strong>13<\/strong>\u00a0pulgadas.<\/p>\n<p>Esta rueda tiene un \u00edndice de carga de\u00a0<strong>71<\/strong>. con este \u00edndice de carga es posible soportar un peso de\u00a0<strong>345<\/strong>\u00a0kilogramos.<\/p>\n<p>La velocidad m\u00e1xima a la que puede circular el\u00a0<strong>LANVIGATOR COMFORT-II 145\/70R13 71 T<\/strong>\u00a0es de\u00a0<strong>190<\/strong>\u00a0kil\u00f3metros por hora, seg\u00fan nos indica el s\u00edmbolo de velocidad\u00a0<strong>T<\/strong>.<\/p>\n<h3>Eficiencia del neum\u00e1tico\u00a0<strong>LANVIGATOR COMFORT-II 145\/70R13 71 T<\/strong><\/h3>\n<p>El neum\u00e1tico de coche\u00a0<strong>LANVIGATOR COMFORT-II 145\/70R13 71 T<\/strong>\u00a0cuenta con una etiqueta de consumo de\u00a0<strong>D<\/strong>, se trata de un consumo de combustible moderado.<\/p>\n<p>La sonoridad del\u00a0<strong>Comfort-ii<\/strong>\u00a0de\u00a0<strong>Lanvigator<\/strong>\u00a0pese a no ser de los m\u00e1s silenciosos del mercado ofrece una sonoridad moderada con sus\u00a0<strong>70<\/strong>\u00a0decibelios.<\/p>\n<p>El\u00a0<strong>Comfort-ii<\/strong>\u00a0cuenta con una etiqueta de agarre en mojado de clase\u00a0<strong>C<\/strong>, esto nos indica un agarre moderado en condiciones de lluvia.<\/p>\n<h3>Climatolog\u00eda<\/h3>\n<p>Si necesitas un neum\u00e1tico que pueda soportar los meses m\u00e1s calurosos del a\u00f1o, el\u00a0<strong>LANVIGATOR COMFORT-II 145\/70R13 71 T<\/strong>\u00a0es el neum\u00e1tico ideal para verano. Gracias al fant\u00e1stico clima del que gozamos en el pa\u00eds, estos neum\u00e1ticos de verano te servir\u00e1n para todo el a\u00f1o y en la mayor\u00eda de las regiones de la pen\u00ednsula y Baleares.<\/p>\n<h3>Otras consideraciones<\/h3>\n<p>Gracias al\u00a0<strong>Comfort-ii<\/strong>\u00a0de la marca\u00a0<strong>Lanvigator<\/strong>\u00a0conseguir\u00e1s un neum\u00e1tico de m\u00e1xima calidad a un precio realmente econ\u00f3mico. Sus prestaciones como neum\u00e1tico de\u00a0<strong>Verano<\/strong>\u00a0y sus caracter\u00edsticas principales, lo convierten en un neum\u00e1tico muy recomendado para muchos turismos.<\/p>\n<p class=\"mt-4\">Compra tus neum\u00e1ticos para coche de la marca\u00a0<strong>Lanvigator<\/strong>\u00a0al precio m\u00e1s bajo del mercado.<\/p>\n","protected":false},"excerpt":{"rendered":"<p>71T<\/p>\n","protected":false},"featured_media":167,"template":"","meta":[],"product_brand":[97],"product_cat":[91,90],"product_tag":[],"class_list":{"0":"post-165","1":"product","2":"type-product","3":"status-publish","4":"has-post-thumbnail","6":"product_brand-lanvigator","7":"product_cat-auto","8":"product_cat-neumaticos-2","10":"first","11":"outofstock","12":"taxable","13":"shipping-taxable","14":"purchasable","15":"product-type-simple"},"supplier_id":178,"supplier_sku":"","barcode":null,"atum_controlled":true,"out_stock_date":"2026-02-19 13:37:26","out_stock_threshold":null,"inheritable":false,"inbound_stock":0,"stock_on_hold":0,"sold_today":0,"sales_last_days":0,"reserved_stock":0,"customer_returns":null,"warehouse_damage":null,"lost_in_post":0,"other_logs":null,"out_stock_days":71,"lost_sales":0,"has_location":false,"update_date":"2026-05-01T15:42:13","atum_locations":[],"atum_stock_status":"outofstock","restock_status":false,"low_stock_amount":"","sales_update_date":"2026-05-01T15:42:13","calc_backorders":null,"_links":{"self":[{"href":"https:\/\/tienda.nunezalineaciones.com.uy\/index.php\/wp-json\/wp\/v2\/product\/165","targetHints":{"allow":["GET"]}}],"collection":[{"href":"https:\/\/tienda.nunezalineaciones.com.uy\/index.php\/wp-json\/wp\/v2\/product"}],"about":[{"href":"https:\/\/tienda.nunezalineaciones.com.uy\/index.php\/wp-json\/wp\/v2\/types\/product"}],"wp:featuredmedia":[{"embeddable":true,"href":"https:\/\/tienda.nunezalineaciones.com.uy\/index.php\/wp-json\/wp\/v2\/media\/167"}],"wp:attachment":[{"href":"https:\/\/tienda.nunezalineaciones.com.uy\/index.php\/wp-json\/wp\/v2\/media?parent=165"}],"wp:term":[{"taxonomy":"product_brand","embeddable":true,"href":"https:\/\/tienda.nunezalineaciones.com.uy\/index.php\/wp-json\/wp\/v2\/product_brand?post=165"},{"taxonomy":"product_cat","embeddable":true,"href":"https:\/\/tienda.nunezalineaciones.com.uy\/index.php\/wp-json\/wp\/v2\/product_cat?post=165"},{"taxonomy":"product_tag","embeddable":true,"href":"https:\/\/tienda.nunezalineaciones.com.uy\/index.php\/wp-json\/wp\/v2\/product_tag?post=165"}],"curies":[{"name":"wp","href":"https:\/\/api.w.org\/{rel}","templated":true}]}}